{"id":12,"date":"2020-12-04T17:16:09","date_gmt":"2020-12-04T17:16:09","guid":{"rendered":"http:\/\/almappartements.at\/?page_id=12"},"modified":"2020-12-04T17:16:09","modified_gmt":"2020-12-04T17:16:09","slug":"alm-sauna","status":"publish","type":"page","link":"https:\/\/almapartments.at\/?page_id=12","title":{"rendered":"ALM-Sauna"},"content":{"rendered":"\n<div class=\"wp-block-cover has-cyan-bluish-gray-background-color has-background-dim aligncenter\" style=\"background-image:url(http:\/\/almappartements.at\/wp-content\/uploads\/2019\/06\/Almsauna2-1.jpg);background-position:49% 38%\"><div class=\"wp-block-cover__inner-container\">\n<p class=\"has-text-align-center has-large-font-size\">ALM-Sauna<\/p>\n<\/div><\/div>\n\n\n\n<p><strong>Die Almsauna<\/strong>&nbsp;der ALM Appartements vermittelt Entspannung, W\u00e4rme, Harmonie und Geborgenheit dort wo die alten H\u00f6lzer ihre Geschichten erz\u00e4hlen. Das Saunaklima ist f\u00fcr jeden Saunag\u00e4nger ein Erlebnis der besonderen Art.  <b>Materialien<\/b>&nbsp;aus der Region zitieren die Vielfalt des Alpenraums \u2013 und doch ist es die Geradlinigkeit, die in diesem Bereich besticht.<br>Die Almsauna ist aus einer originalen alten Almh\u00fctten hergestellt die sorgf\u00e4ltig abgetragen wurde. Dabei wird das Altholz aus dem Jahrhundertschlaf geweckt und nach alter Tradition wieder aufgebaut. <\/p>\n\n\n\n<figure class=\"wp-block-gallery aligncenter columns-3 is-cropped\"><ul class=\"blocks-gallery-grid\"><li class=\"blocks-gallery-item\"><figure><img src=\"http:\/\/almappartements.at\/wp-content\/uploads\/2019\/06\/Almsauna1.jpg\" alt=\"\" data-id=\"15\" data-link=\"http:\/\/almappartements.at\/?attachment_id=15\" class=\"wp-image-15\"\/><\/figure><\/li><li class=\"blocks-gallery-item\"><figure><img src=\"http:\/\/almappartements.at\/wp-content\/uploads\/2019\/06\/Almsauna2.jpg\" alt=\"\" data-id=\"16\" data-link=\"http:\/\/almappartements.at\/?attachment_id=16\" class=\"wp-image-16\"\/><\/figure><\/li><li class=\"blocks-gallery-item\"><figure><img src=\"http:\/\/almappartements.at\/wp-content\/uploads\/2019\/06\/Almsauna3.jpg\" alt=\"\" data-id=\"17\" data-link=\"http:\/\/almappartements.at\/?attachment_id=17\" class=\"wp-image-17\"\/><\/figure><\/li><li class=\"blocks-gallery-item\"><figure><img src=\"http:\/\/almappartements.at\/wp-content\/uploads\/2019\/06\/Almsauna5.jpg\" alt=\"\" data-id=\"18\" data-link=\"http:\/\/almappartements.at\/?attachment_id=18\" class=\"wp-image-18\"\/><\/figure><\/li><\/ul><\/figure>\n\n\n\n<p><\/p>\n","protected":false},"excerpt":{"rendered":"<p>Die Almsauna&nbsp;der ALM Appartements vermittelt Entspannung, W\u00e4rme, Harmonie und Geborgenheit dort wo die alten H\u00f6lzer ihre Geschichten erz\u00e4hlen. Das Saunaklima ist f\u00fcr jeden Saunag\u00e4nger ein Erlebnis der besonderen Art. Materialien&nbsp;aus der Region zitieren die Vielfalt des Alpenraums \u2013 und doch ist es die Geradlinigkeit, die in diesem Bereich besticht.Die Almsauna ist aus einer originalen alten &hellip; <\/p>\n<p class=\"link-more\"><a href=\"https:\/\/almapartments.at\/?page_id=12\" class=\"more-link\"><span class=\"screen-reader-text\">\u201eALM-Sauna\u201c<\/span> weiterlesen<\/a><\/p>\n","protected":false},"author":1,"featured_media":0,"parent":0,"menu_order":0,"comment_status":"closed","ping_status":"closed","template":"","meta":[],"_links":{"self":[{"href":"https:\/\/almapartments.at\/index.php?rest_route=\/wp\/v2\/pages\/12"}],"collection":[{"href":"https:\/\/almapartments.at\/index.php?rest_route=\/wp\/v2\/pages"}],"about":[{"href":"https:\/\/almapartments.at\/index.php?rest_route=\/wp\/v2\/types\/page"}],"author":[{"embeddable":true,"href":"https:\/\/almapartments.at\/index.php?rest_route=\/wp\/v2\/users\/1"}],"replies":[{"embeddable":true,"href":"https:\/\/almapartments.at\/index.php?rest_route=%2Fwp%2Fv2%2Fcomments&post=12"}],"version-history":[{"count":0,"href":"https:\/\/almapartments.at\/index.php?rest_route=\/wp\/v2\/pages\/12\/revisions"}],"wp:attachment":[{"href":"https:\/\/almapartments.at\/index.php?rest_route=%2Fwp%2Fv2%2Fmedia&parent=12"}],"curies":[{"name":"wp","href":"https:\/\/api.w.org\/{rel}","templated":true}]}}