{"id":30,"date":"2018-01-23T20:03:08","date_gmt":"2018-01-23T20:03:08","guid":{"rendered":"http:\/\/mcheiser.at\/almappartements\/?page_id=4"},"modified":"2022-01-03T17:16:03","modified_gmt":"2022-01-03T17:16:03","slug":"home","status":"publish","type":"page","link":"https:\/\/almapartments.at\/","title":{"rendered":"Home"},"content":{"rendered":"\n<h2 class=\"has-text-align-center\">Ein herzliches Willkommen in ALM Apartments<\/h2>\n\n\n<p align=\"center\"><strong>Vom Alltag los lassen und einfach nur genie\u00dfe!<br \/><\/strong><strong>Sie sehnen sich nach Natur und Freiheit? Nach der Magie der Berge? Dann finden Sie hier den perfekten Ort, Ihren Sommerurlaub oder Winterurlaub zu erleben.\u00a0 <\/strong><br \/><strong>\u201cHeimat auf Zeit\u201d f\u00fcr Natur-Fans und Abenteurer, f\u00fcr Erholungssuchende und Bergliebhaber. <\/strong><br \/><strong>Besondere Momente, die zu wertvollen Erinnerungen werden.<\/strong><\/p>\n<p><strong>Wir bieten f\u00fcr Sie und Ihre Kinder:<\/strong><br \/><strong>N<\/strong>atura Mystiker: Erlebniswanderung durch den Wald zum G\u00f6ssnitzwasserfall.<br \/>Kletterpark Heiligenblut: Hochseilgarten, Kletterwand, Spielplatz, Klettersteig und Gastronomie.<br \/>Goldgr\u00e4berdorf Heiligenblut: Goldwaschen, ein Erlebnis f\u00fcr die ganze Familie.<br \/>Hallenbad Heiligenblut: Nach Ihrem Erlebnistag oder bei Schlechtwetter der perfekte Ort zum entspannen.<br \/>Magische Momente: Unvergessliche gef\u00fchrte Expeditionsreisen mit \u201cNationalpark Rangern\u201d im Nationalpark Hohe Tauern.<br \/>Grossglockner Bergbahnen: Wie ein Vogel auf 2600m Seeh\u00f6he schweben und den atemberaubenden Rundblick genie\u00dfen.<br \/>\u00a0\u00a0\u00a0\u00a0\u00a0\u00a0\u00a0\u00a0\u00a0\u00a0\u00a0\u00a0\u00a0\u00a0\u00a0\u00a0\u00a0\u00a0\u00a0\u00a0\u00a0\u00a0\u00a0\u00a0\u00a0\u00a0\u00a0\u00a0\u00a0\u00a0\u00a0\u00a0\u00a0\u00a0\u00a0\u00a0\u00a0\u00a0\u00a0\u00a0\u00a0\u00a0 Leicht zu begehende Wanderwege, zwischen bl\u00fchenden Almwiesen f\u00fchren Sie wieder ins Tal zur\u00fcck.<br \/>Es stehen Ihnen unz\u00e4hlige Wanderwege zur Auswahl: Ob gem\u00fctliche H\u00fcttenwanderungen mit Almjause oder abenteuerliche Bergtouren auf \u00fcber 3000m Seeh\u00f6he<br \/>&#8230;&#8230;<strong>u<\/strong>nd noch vieles mehr erwartet Sie in Heiligenblut am Gro\u00dfglockner.<\/p>\n<p>%MCEPASTEBIN%<\/p>\n<div align=\"center\">\u00a0<\/div>\n<p align=\"center\">Ich w\u00fcnsche Ihnen einen sch\u00f6nen Aufenthalt<\/p>\n<p align=\"center\"><b>Josef Schaffer<\/b><\/p>","protected":false},"excerpt":{"rendered":"<p>Ein herzliches Willkommen in ALM Apartments Vom Alltag los lassen und einfach nur genie\u00dfe!Sie sehnen sich nach Natur und Freiheit? Nach der Magie der Berge? Dann finden Sie hier den perfekten Ort, Ihren Sommerurlaub oder Winterurlaub zu erleben.\u00a0 \u201cHeimat auf Zeit\u201d f\u00fcr Natur-Fans und Abenteurer, f\u00fcr Erholungssuchende und Bergliebhaber. Besondere Momente, die zu wertvollen Erinnerungen &hellip; <\/p>\n<p class=\"link-more\"><a href=\"https:\/\/almapartments.at\/\" class=\"more-link\"><span class=\"screen-reader-text\">\u201eHome\u201c<\/span> weiterlesen<\/a><\/p>\n","protected":false},"author":2,"featured_media":0,"parent":0,"menu_order":0,"comment_status":"closed","ping_status":"closed","template":"","meta":[],"_links":{"self":[{"href":"https:\/\/almapartments.at\/index.php?rest_route=\/wp\/v2\/pages\/30"}],"collection":[{"href":"https:\/\/almapartments.at\/index.php?rest_route=\/wp\/v2\/pages"}],"about":[{"href":"https:\/\/almapartments.at\/index.php?rest_route=\/wp\/v2\/types\/page"}],"author":[{"embeddable":true,"href":"https:\/\/almapartments.at\/index.php?rest_route=\/wp\/v2\/users\/2"}],"replies":[{"embeddable":true,"href":"https:\/\/almapartments.at\/index.php?rest_route=%2Fwp%2Fv2%2Fcomments&post=30"}],"version-history":[{"count":2,"href":"https:\/\/almapartments.at\/index.php?rest_route=\/wp\/v2\/pages\/30\/revisions"}],"predecessor-version":[{"id":175,"href":"https:\/\/almapartments.at\/index.php?rest_route=\/wp\/v2\/pages\/30\/revisions\/175"}],"wp:attachment":[{"href":"https:\/\/almapartments.at\/index.php?rest_route=%2Fwp%2Fv2%2Fmedia&parent=30"}],"curies":[{"name":"wp","href":"https:\/\/api.w.org\/{rel}","templated":true}]}}