{"id":31,"date":"2018-01-23T20:02:57","date_gmt":"2018-01-23T20:02:57","guid":{"rendered":"http:\/\/mcheiser.at\/almappartements\/?page_id=6"},"modified":"2018-01-23T20:02:57","modified_gmt":"2018-01-23T20:02:57","slug":"appartements","status":"publish","type":"page","link":"https:\/\/almapartments.at\/?page_id=31","title":{"rendered":"ALM Apartments"},"content":{"rendered":"\n<p>Die ALM Apartments Regina in Heiligenblut liegen 1,8 km von der Rossbachbahn entfernt und bieten Unterk\u00fcnfte mit kostenfreiem WLAN sowie einen Garten mit Grillm\u00f6glichkeiten. Alle Unterk\u00fcnfte verf\u00fcgen \u00fcber einen Flachbild-Sat-TV, ein eigenes Bad und eine voll ausgestattete K\u00fcche. Ein Geschirrsp\u00fcler und eine Kaffeemaschine werden ebenfalls angeboten. Das Apartment bietet eine Sauna. Wenn Sie die Umgebung erkunden m\u00f6chten, k\u00f6nnen Sie in der Umgebung Skifahren, Radfahren und Wandern. Der Gro\u00dfglockner Heiligenblut liegt 1,8 km von den Alm-Apartments entfernt und das Hallenbad erreichen Sie nach 2 km. Zum Flughafen Salzburg WA Mozart gelangen Sie nach 84 km.<\/p>\n","protected":false},"excerpt":{"rendered":"<p>Die ALM Apartments Regina in Heiligenblut liegen 1,8 km von der Rossbachbahn entfernt und bieten Unterk\u00fcnfte mit kostenfreiem WLAN sowie einen Garten mit Grillm\u00f6glichkeiten. Alle Unterk\u00fcnfte verf\u00fcgen \u00fcber einen Flachbild-Sat-TV, ein eigenes Bad und eine voll ausgestattete K\u00fcche. Ein Geschirrsp\u00fcler und eine Kaffeemaschine werden ebenfalls angeboten. Das Apartment bietet eine Sauna. Wenn Sie die Umgebung &hellip; <\/p>\n<p class=\"link-more\"><a href=\"https:\/\/almapartments.at\/?page_id=31\" class=\"more-link\"><span class=\"screen-reader-text\">\u201eALM Apartments\u201c<\/span> weiterlesen<\/a><\/p>\n","protected":false},"author":2,"featured_media":0,"parent":0,"menu_order":0,"comment_status":"closed","ping_status":"closed","template":"","meta":[],"_links":{"self":[{"href":"https:\/\/almapartments.at\/index.php?rest_route=\/wp\/v2\/pages\/31"}],"collection":[{"href":"https:\/\/almapartments.at\/index.php?rest_route=\/wp\/v2\/pages"}],"about":[{"href":"https:\/\/almapartments.at\/index.php?rest_route=\/wp\/v2\/types\/page"}],"author":[{"embeddable":true,"href":"https:\/\/almapartments.at\/index.php?rest_route=\/wp\/v2\/users\/2"}],"replies":[{"embeddable":true,"href":"https:\/\/almapartments.at\/index.php?rest_route=%2Fwp%2Fv2%2Fcomments&post=31"}],"version-history":[{"count":0,"href":"https:\/\/almapartments.at\/index.php?rest_route=\/wp\/v2\/pages\/31\/revisions"}],"wp:attachment":[{"href":"https:\/\/almapartments.at\/index.php?rest_route=%2Fwp%2Fv2%2Fmedia&parent=31"}],"curies":[{"name":"wp","href":"https:\/\/api.w.org\/{rel}","templated":true}]}}